{"id":74,"date":"2023-07-06T18:21:58","date_gmt":"2023-07-06T18:21:58","guid":{"rendered":"https:\/\/kedroseurope.es\/?page_id=74"},"modified":"2023-07-06T18:25:24","modified_gmt":"2023-07-06T18:25:24","slug":"aviso-legal","status":"publish","type":"page","link":"https:\/\/kedroseurope.es\/?page_id=74","title":{"rendered":"Aviso legal"},"content":{"rendered":"\t\t<div data-elementor-type=\"wp-page\" data-elementor-id=\"74\" class=\"elementor elementor-74\" data-elementor-post-type=\"page\">\n\t\t\t\t\t\t<section class=\"elementor-section elementor-top-section elementor-element elementor-element-d543635 elementor-section-boxed elementor-section-height-default elementor-section-height-default\" data-id=\"d543635\" data-element_type=\"section\">\n\t\t\t\t\t\t<div class=\"elementor-container elementor-column-gap-default\">\n\t\t\t\t\t<div class=\"elementor-column elementor-col-100 elementor-top-column elementor-element elementor-element-9a8a54d\" data-id=\"9a8a54d\" data-element_type=\"column\">\n\t\t\t<div class=\"elementor-widget-wrap elementor-element-populated\">\n\t\t\t\t\t\t<div class=\"elementor-element elementor-element-fb848f6 elementor-widget elementor-widget-text-editor\" data-id=\"fb848f6\" data-element_type=\"widget\" data-widget_type=\"text-editor.default\">\n\t\t\t\t<div class=\"elementor-widget-container\">\n\t\t\t<style>\/*! elementor - v3.21.0 - 26-05-2024 *\/\n.elementor-widget-text-editor.elementor-drop-cap-view-stacked .elementor-drop-cap{background-color:#69727d;color:#fff}.elementor-widget-text-editor.elementor-drop-cap-view-framed .elementor-drop-cap{color:#69727d;border:3px solid;background-color:transparent}.elementor-widget-text-editor:not(.elementor-drop-cap-view-default) .elementor-drop-cap{margin-top:8px}.elementor-widget-text-editor:not(.elementor-drop-cap-view-default) .elementor-drop-cap-letter{width:1em;height:1em}.elementor-widget-text-editor .elementor-drop-cap{float:left;text-align:center;line-height:1;font-size:50px}.elementor-widget-text-editor .elementor-drop-cap-letter{display:inline-block}<\/style>\t\t\t\t<h3>AVISO LEGAL<\/h3><p>En cumplimiento con lo establecido en la Ley 34\/2002, de Servicios de la Sociedad de la Informaci\u00f3n y de Comercio Electr\u00f3nico, se informa que el titular de este sitio web es <strong>xxxxxxxxx<\/strong> con NIF xxxxxxxx y domicilio social en Calle xxxxxxxxxxxxx,\u00a0 Madrid, Espa\u00f1a.<br \/>Datos de contacto: Tel\u00e9fono: xxxxxxxxxx<br \/>Correo electr\u00f3nico:\u00a0<\/p><p><strong>xxxxxxxxxxxx<\/strong> est\u00e1 inscrita en el Registro mercantil de Madrid al tomo xxxxxxxx folio xxxxx secci\u00f3n xxx hoja xxxx inscripci\u00f3n xxxxx<br \/>El acceso al sitio web de <strong>xxxxxxxx<\/strong> es gratuito y no requiere registro previo.<\/p><p>El contenido de este sitio web es de car\u00e1cter general y tiene una finalidad meramente informativa, sin que se garantice plenamente el acceso a todos los contenidos, ni su exhaustividad, correcci\u00f3n, vigencia o actualidad, ni su idoneidad o utilidad para un objetivo espec\u00edfico.<\/p><p><strong>xxxxxxxxxxxxxxxx<\/strong> no se hace responsable de los contenidos que se encuentren fuera de este sitio web y que no sean gestionados directamente por su titular. Tampoco se hace responsable de los da\u00f1os que pudieran derivarse del uso de este sitio web o de cualquier otra acci\u00f3n realizada a partir de la informaci\u00f3n que se proporciona en el mismo.<\/p><p>El sitio web de <strong>xxxxxxxxxxxxxxxxxxx<\/strong> utiliza cookies para mejorar la experiencia del usuario. Si contin\u00faa navegando por este sitio web, se considerar\u00e1 que est\u00e1 de acuerdo con nuestra pol\u00edtica de cookies.<\/p><p>El uso no autorizado de los contenidos de este sitio web, as\u00ed como los perjuicios causados en los derechos de propiedad intelectual e industrial de <strong>xxxxxxxxxxxxxxxx<\/strong>, podr\u00e1n dar lugar al ejercicio de las acciones que correspondan y, si procede, a las responsabilidades que de dicho ejercicio se deriven.<\/p><p><strong>xxxxxxxxxxxxxx<\/strong> se reserva el derecho de modificar en cualquier momento y sin necesidad de previo aviso la configuraci\u00f3n y contenido de este sitio web.<\/p><p>La relaci\u00f3n entre <strong>xxxxxxxxxxxxxx<\/strong> y el usuario se regir\u00e1 por la normativa espa\u00f1ola vigente y cualquier controversia se someter\u00e1 a los juzgados y tribunales de Madrid.<\/p><p>\u00daltima actualizaci\u00f3n: xxxxxxxx<\/p>\t\t\t\t\t\t<\/div>\n\t\t\t\t<\/div>\n\t\t\t\t\t<\/div>\n\t\t<\/div>\n\t\t\t\t\t<\/div>\n\t\t<\/section>\n\t\t\t\t<\/div>\n\t\t","protected":false},"excerpt":{"rendered":"<p>AVISO LEGAL En cumplimiento con lo establecido en la Ley 34\/2002, de Servicios de la Sociedad de la Informaci\u00f3n y de Comercio Electr\u00f3nico, se informa que el titular de este sitio web es xxxxxxxxx con NIF xxxxxxxx y domicilio social en Calle xxxxxxxxxxxxx,\u00a0 Madrid, Espa\u00f1a.Datos de contacto: Tel\u00e9fono: xxxxxxxxxxCorreo electr\u00f3nico:\u00a0 xxxxxxxxxxxx est\u00e1 inscrita en el [&hellip;]<\/p>\n","protected":false},"author":1,"featured_media":0,"parent":0,"menu_order":0,"comment_status":"closed","ping_status":"closed","template":"elementor_header_footer","meta":{"footnotes":""},"class_list":["post-74","page","type-page","status-publish","hentry"],"yoast_head":"<!-- This site is optimized with the Yoast SEO plugin v21.5 - https:\/\/yoast.com\/wordpress\/plugins\/seo\/ -->\n<title>Aviso legal - Kedros Europe<\/title>\n<meta name=\"robots\" content=\"index, follow, max-snippet:-1, max-image-preview:large, max-video-preview:-1\" \/>\n<link rel=\"canonical\" href=\"https:\/\/kedroseurope.es\/?page_id=74\" \/>\n<meta property=\"og:locale\" content=\"es_ES\" \/>\n<meta property=\"og:type\" content=\"article\" \/>\n<meta property=\"og:title\" content=\"Aviso legal - Kedros Europe\" \/>\n<meta property=\"og:description\" content=\"AVISO LEGAL En cumplimiento con lo establecido en la Ley 34\/2002, de Servicios de la Sociedad de la Informaci\u00f3n y de Comercio Electr\u00f3nico, se informa que el titular de este sitio web es xxxxxxxxx con NIF xxxxxxxx y domicilio social en Calle xxxxxxxxxxxxx,\u00a0 Madrid, Espa\u00f1a.Datos de contacto: Tel\u00e9fono: xxxxxxxxxxCorreo electr\u00f3nico:\u00a0 xxxxxxxxxxxx est\u00e1 inscrita en el [&hellip;]\" \/>\n<meta property=\"og:url\" content=\"https:\/\/kedroseurope.es\/?page_id=74\" \/>\n<meta property=\"og:site_name\" content=\"Kedros Europe\" \/>\n<meta property=\"article:modified_time\" content=\"2023-07-06T18:25:24+00:00\" \/>\n<meta name=\"twitter:card\" content=\"summary_large_image\" \/>\n<meta name=\"twitter:label1\" content=\"Tiempo de lectura\" \/>\n\t<meta name=\"twitter:data1\" content=\"2 minutos\" \/>\n<script type=\"application\/ld+json\" class=\"yoast-schema-graph\">{\"@context\":\"https:\/\/schema.org\",\"@graph\":[{\"@type\":\"WebPage\",\"@id\":\"https:\/\/kedroseurope.es\/?page_id=74\",\"url\":\"https:\/\/kedroseurope.es\/?page_id=74\",\"name\":\"Aviso legal - Kedros Europe\",\"isPartOf\":{\"@id\":\"https:\/\/kedroseurope.es\/#website\"},\"datePublished\":\"2023-07-06T18:21:58+00:00\",\"dateModified\":\"2023-07-06T18:25:24+00:00\",\"breadcrumb\":{\"@id\":\"https:\/\/kedroseurope.es\/?page_id=74#breadcrumb\"},\"inLanguage\":\"es\",\"potentialAction\":[{\"@type\":\"ReadAction\",\"target\":[\"https:\/\/kedroseurope.es\/?page_id=74\"]}]},{\"@type\":\"BreadcrumbList\",\"@id\":\"https:\/\/kedroseurope.es\/?page_id=74#breadcrumb\",\"itemListElement\":[{\"@type\":\"ListItem\",\"position\":1,\"name\":\"Portada\",\"item\":\"https:\/\/kedroseurope.es\/\"},{\"@type\":\"ListItem\",\"position\":2,\"name\":\"Aviso legal\"}]},{\"@type\":\"WebSite\",\"@id\":\"https:\/\/kedroseurope.es\/#website\",\"url\":\"https:\/\/kedroseurope.es\/\",\"name\":\"Kedros Europe\",\"description\":\"Promoci\u00f3n Inmobiliaria\",\"publisher\":{\"@id\":\"https:\/\/kedroseurope.es\/#organization\"},\"potentialAction\":[{\"@type\":\"SearchAction\",\"target\":{\"@type\":\"EntryPoint\",\"urlTemplate\":\"https:\/\/kedroseurope.es\/?s={search_term_string}\"},\"query-input\":\"required name=search_term_string\"}],\"inLanguage\":\"es\"},{\"@type\":\"Organization\",\"@id\":\"https:\/\/kedroseurope.es\/#organization\",\"name\":\"Kedros Europe\",\"url\":\"https:\/\/kedroseurope.es\/\",\"logo\":{\"@type\":\"ImageObject\",\"inLanguage\":\"es\",\"@id\":\"https:\/\/kedroseurope.es\/#\/schema\/logo\/image\/\",\"url\":\"https:\/\/kedroseurope.es\/wp-content\/uploads\/2023\/06\/kedros.png\",\"contentUrl\":\"https:\/\/kedroseurope.es\/wp-content\/uploads\/2023\/06\/kedros.png\",\"width\":690,\"height\":176,\"caption\":\"Kedros Europe\"},\"image\":{\"@id\":\"https:\/\/kedroseurope.es\/#\/schema\/logo\/image\/\"}}]}<\/script>\n<!-- \/ Yoast SEO plugin. -->","yoast_head_json":{"title":"Aviso legal - Kedros Europe","robots":{"index":"index","follow":"follow","max-snippet":"max-snippet:-1","max-image-preview":"max-image-preview:large","max-video-preview":"max-video-preview:-1"},"canonical":"https:\/\/kedroseurope.es\/?page_id=74","og_locale":"es_ES","og_type":"article","og_title":"Aviso legal - Kedros Europe","og_description":"AVISO LEGAL En cumplimiento con lo establecido en la Ley 34\/2002, de Servicios de la Sociedad de la Informaci\u00f3n y de Comercio Electr\u00f3nico, se informa que el titular de este sitio web es xxxxxxxxx con NIF xxxxxxxx y domicilio social en Calle xxxxxxxxxxxxx,\u00a0 Madrid, Espa\u00f1a.Datos de contacto: Tel\u00e9fono: xxxxxxxxxxCorreo electr\u00f3nico:\u00a0 xxxxxxxxxxxx est\u00e1 inscrita en el [&hellip;]","og_url":"https:\/\/kedroseurope.es\/?page_id=74","og_site_name":"Kedros Europe","article_modified_time":"2023-07-06T18:25:24+00:00","twitter_card":"summary_large_image","twitter_misc":{"Tiempo de lectura":"2 minutos"},"schema":{"@context":"https:\/\/schema.org","@graph":[{"@type":"WebPage","@id":"https:\/\/kedroseurope.es\/?page_id=74","url":"https:\/\/kedroseurope.es\/?page_id=74","name":"Aviso legal - Kedros Europe","isPartOf":{"@id":"https:\/\/kedroseurope.es\/#website"},"datePublished":"2023-07-06T18:21:58+00:00","dateModified":"2023-07-06T18:25:24+00:00","breadcrumb":{"@id":"https:\/\/kedroseurope.es\/?page_id=74#breadcrumb"},"inLanguage":"es","potentialAction":[{"@type":"ReadAction","target":["https:\/\/kedroseurope.es\/?page_id=74"]}]},{"@type":"BreadcrumbList","@id":"https:\/\/kedroseurope.es\/?page_id=74#breadcrumb","itemListElement":[{"@type":"ListItem","position":1,"name":"Portada","item":"https:\/\/kedroseurope.es\/"},{"@type":"ListItem","position":2,"name":"Aviso legal"}]},{"@type":"WebSite","@id":"https:\/\/kedroseurope.es\/#website","url":"https:\/\/kedroseurope.es\/","name":"Kedros Europe","description":"Promoci\u00f3n Inmobiliaria","publisher":{"@id":"https:\/\/kedroseurope.es\/#organization"},"potentialAction":[{"@type":"SearchAction","target":{"@type":"EntryPoint","urlTemplate":"https:\/\/kedroseurope.es\/?s={search_term_string}"},"query-input":"required name=search_term_string"}],"inLanguage":"es"},{"@type":"Organization","@id":"https:\/\/kedroseurope.es\/#organization","name":"Kedros Europe","url":"https:\/\/kedroseurope.es\/","logo":{"@type":"ImageObject","inLanguage":"es","@id":"https:\/\/kedroseurope.es\/#\/schema\/logo\/image\/","url":"https:\/\/kedroseurope.es\/wp-content\/uploads\/2023\/06\/kedros.png","contentUrl":"https:\/\/kedroseurope.es\/wp-content\/uploads\/2023\/06\/kedros.png","width":690,"height":176,"caption":"Kedros Europe"},"image":{"@id":"https:\/\/kedroseurope.es\/#\/schema\/logo\/image\/"}}]}},"_links":{"self":[{"href":"https:\/\/kedroseurope.es\/index.php?rest_route=\/wp\/v2\/pages\/74","targetHints":{"allow":["GET"]}}],"collection":[{"href":"https:\/\/kedroseurope.es\/index.php?rest_route=\/wp\/v2\/pages"}],"about":[{"href":"https:\/\/kedroseurope.es\/index.php?rest_route=\/wp\/v2\/types\/page"}],"author":[{"embeddable":true,"href":"https:\/\/kedroseurope.es\/index.php?rest_route=\/wp\/v2\/users\/1"}],"replies":[{"embeddable":true,"href":"https:\/\/kedroseurope.es\/index.php?rest_route=%2Fwp%2Fv2%2Fcomments&post=74"}],"version-history":[{"count":7,"href":"https:\/\/kedroseurope.es\/index.php?rest_route=\/wp\/v2\/pages\/74\/revisions"}],"predecessor-version":[{"id":82,"href":"https:\/\/kedroseurope.es\/index.php?rest_route=\/wp\/v2\/pages\/74\/revisions\/82"}],"wp:attachment":[{"href":"https:\/\/kedroseurope.es\/index.php?rest_route=%2Fwp%2Fv2%2Fmedia&parent=74"}],"curies":[{"name":"wp","href":"https:\/\/api.w.org\/{rel}","templated":true}]}}