{"id":83,"date":"2023-07-06T18:26:00","date_gmt":"2023-07-06T18:26:00","guid":{"rendered":"https:\/\/kedroseurope.es\/?page_id=83"},"modified":"2023-07-06T18:27:12","modified_gmt":"2023-07-06T18:27:12","slug":"politica-de-cookies","status":"publish","type":"page","link":"https:\/\/kedroseurope.es\/?page_id=83","title":{"rendered":"Pol\u00edtica de cookies"},"content":{"rendered":"\t\t<div data-elementor-type=\"wp-page\" data-elementor-id=\"83\" class=\"elementor elementor-83\" data-elementor-post-type=\"page\">\n\t\t\t\t\t\t<section class=\"elementor-section elementor-top-section elementor-element elementor-element-ca49a69 elementor-section-boxed elementor-section-height-default elementor-section-height-default\" data-id=\"ca49a69\" data-element_type=\"section\">\n\t\t\t\t\t\t<div class=\"elementor-container elementor-column-gap-default\">\n\t\t\t\t\t<div class=\"elementor-column elementor-col-100 elementor-top-column elementor-element elementor-element-e488ab8\" data-id=\"e488ab8\" data-element_type=\"column\">\n\t\t\t<div class=\"elementor-widget-wrap elementor-element-populated\">\n\t\t\t\t\t\t<div class=\"elementor-element elementor-element-8985cb4 elementor-widget elementor-widget-text-editor\" data-id=\"8985cb4\" data-element_type=\"widget\" data-widget_type=\"text-editor.default\">\n\t\t\t\t<div class=\"elementor-widget-container\">\n\t\t\t<style>\/*! elementor - v3.21.0 - 26-05-2024 *\/\n.elementor-widget-text-editor.elementor-drop-cap-view-stacked .elementor-drop-cap{background-color:#69727d;color:#fff}.elementor-widget-text-editor.elementor-drop-cap-view-framed .elementor-drop-cap{color:#69727d;border:3px solid;background-color:transparent}.elementor-widget-text-editor:not(.elementor-drop-cap-view-default) .elementor-drop-cap{margin-top:8px}.elementor-widget-text-editor:not(.elementor-drop-cap-view-default) .elementor-drop-cap-letter{width:1em;height:1em}.elementor-widget-text-editor .elementor-drop-cap{float:left;text-align:center;line-height:1;font-size:50px}.elementor-widget-text-editor .elementor-drop-cap-letter{display:inline-block}<\/style>\t\t\t\t<p><strong>POL\u00cdTICA DE COOKIES<\/strong><\/p><p>En cumplimiento de lo dispuesto en el art\u00edculo 22.2 de la Ley 34\/2002, de Servicios de la Sociedad de la Informaci\u00f3n y de Comercio Electr\u00f3nico (LSSI-CE), <b>xxxxxxxxxxxxxxxxx<\/b>\u00a0informa que este sitio web utiliza cookies con el fin de facilitar y mejorar la navegaci\u00f3n, recordando preferencias y configuraciones del usuario, y obteniendo informaci\u00f3n sobre el tr\u00e1fico y comportamiento del usuario en la p\u00e1gina web.<\/p><p><strong>\u00bfQu\u00e9 son las cookies?<\/strong><\/p><p>Las cookies son peque\u00f1os archivos de texto que se descargan en el dispositivo del usuario al acceder a una p\u00e1gina web. Estos archivos contienen informaci\u00f3n sobre la navegaci\u00f3n del usuario y permiten que la p\u00e1gina web recuerde preferencias y configuraciones para mejorar la experiencia de navegaci\u00f3n.<\/p><p><strong>\u00bfQu\u00e9 tipos de cookies utiliza este sitio web?<\/strong><\/p><ul><li><strong>Cookies t\u00e9cnicas<\/strong>: son aquellas necesarias para el funcionamiento del sitio web y para permitir al usuario navegar por \u00e9l. Permiten, por ejemplo, recordar la sesi\u00f3n del usuario para que no tenga que volver a introducir sus credenciales de acceso cada vez que visite el sitio web.<\/li><li><strong>Cookies de an\u00e1lisis<\/strong>: son aquellas que permiten obtener informaci\u00f3n sobre el tr\u00e1fico y comportamiento de los usuarios en el sitio web. Permiten conocer, por ejemplo, el n\u00famero de visitas, las p\u00e1ginas m\u00e1s visitadas o el tiempo de permanencia en el sitio web. La informaci\u00f3n obtenida a trav\u00e9s de estas cookies se utiliza para mejorar la experiencia del usuario y optimizar el rendimiento del sitio web.<\/li><\/ul><p><strong>\u00bfC\u00f3mo puedo configurar las cookies?<\/strong><\/p><p>El usuario puede configurar su navegador para que no se descarguen cookies en su dispositivo o para que se le informe cada vez que se vaya a descargar una cookie. Tambi\u00e9n puede eliminar las cookies que ya se encuentren en su dispositivo. Las opciones de configuraci\u00f3n de cookies var\u00edan seg\u00fan el navegador utilizado. A continuaci\u00f3n se indican los enlaces a las instrucciones para los navegadores m\u00e1s comunes:<\/p><ul><li>Google Chrome: <a href=\"https:\/\/support.google.com\/chrome\/answer\/95647?hl=es\">https:\/\/support.google.com\/chrome\/answer\/95647?hl=es<\/a><\/li><li>Mozilla Firefox: <a href=\"https:\/\/support.mozilla.org\/es\/kb\/habilitar-y-deshabilitar-cookies-sitios-web-rastrear-preferencias\">https:\/\/support.mozilla.org\/es\/kb\/habilitar-y-deshabilitar-cookies-sitios-web-rastrear-preferencias<\/a><\/li><li>Microsoft Edge: <a href=\"https:\/\/support.microsoft.com\/es-es\/topic\/eliminar-y-administrar-cookies-168dab11-0753-043d-7c16-ede5947fc64d\">https:\/\/support.microsoft.com\/es-es\/topic\/eliminar-y-administrar-cookies-168dab11-0753-043d-7c16-ede5947fc64d<\/a><\/li><li>Safari: <a href=\"https:\/\/support.apple.com\/es-es\/guide\/safari\/sfri11471\/mac\">https:\/\/support.apple.com\/es-es\/guide\/safari\/sfri11471\/mac<\/a><\/li><\/ul><p>En caso de que el usuario desactive o elimine las cookies, es posible que algunas funcionalidades del sitio web no est\u00e9n disponibles o no funcionen correctamente.<\/p><p><strong>xxxxxxxxxxx<\/strong> se reserva el derecho de modificar en cualquier momento y sin necesidad de previo aviso la presente pol\u00edtica de cookies, por lo que se recomienda al usuario revisar esta p\u00e1gina regularmente para estar informado de los cambios que se puedan producir.<\/p><p>La relaci\u00f3n entre <strong>xxxxxxxxx<\/strong> y el usuario se regir\u00e1 por la normativa espa\u00f1ola vigente y cualquier controversia se someter\u00e1 a los juzgados y tribunales de Madrid.<\/p><p>\u00daltima actualizaci\u00f3n: xxxxxxxx<\/p>\t\t\t\t\t\t<\/div>\n\t\t\t\t<\/div>\n\t\t\t\t\t<\/div>\n\t\t<\/div>\n\t\t\t\t\t<\/div>\n\t\t<\/section>\n\t\t\t\t<\/div>\n\t\t","protected":false},"excerpt":{"rendered":"<p>POL\u00cdTICA DE COOKIES En cumplimiento de lo dispuesto en el art\u00edculo 22.2 de la Ley 34\/2002, de Servicios de la Sociedad de la Informaci\u00f3n y de Comercio Electr\u00f3nico (LSSI-CE), xxxxxxxxxxxxxxxxx\u00a0informa que este sitio web utiliza cookies con el fin de facilitar y mejorar la navegaci\u00f3n, recordando preferencias y configuraciones del usuario, y obteniendo informaci\u00f3n sobre [&hellip;]<\/p>\n","protected":false},"author":1,"featured_media":0,"parent":0,"menu_order":0,"comment_status":"closed","ping_status":"closed","template":"elementor_header_footer","meta":{"footnotes":""},"class_list":["post-83","page","type-page","status-publish","hentry"],"yoast_head":"<!-- This site is optimized with the Yoast SEO plugin v21.5 - https:\/\/yoast.com\/wordpress\/plugins\/seo\/ -->\n<title>Pol\u00edtica de cookies - Kedros Europe<\/title>\n<meta name=\"robots\" content=\"index, follow, max-snippet:-1, max-image-preview:large, max-video-preview:-1\" \/>\n<link rel=\"canonical\" href=\"https:\/\/kedroseurope.es\/?page_id=83\" \/>\n<meta property=\"og:locale\" content=\"es_ES\" \/>\n<meta property=\"og:type\" content=\"article\" \/>\n<meta property=\"og:title\" content=\"Pol\u00edtica de cookies - Kedros Europe\" \/>\n<meta property=\"og:description\" content=\"POL\u00cdTICA DE COOKIES En cumplimiento de lo dispuesto en el art\u00edculo 22.2 de la Ley 34\/2002, de Servicios de la Sociedad de la Informaci\u00f3n y de Comercio Electr\u00f3nico (LSSI-CE), xxxxxxxxxxxxxxxxx\u00a0informa que este sitio web utiliza cookies con el fin de facilitar y mejorar la navegaci\u00f3n, recordando preferencias y configuraciones del usuario, y obteniendo informaci\u00f3n sobre [&hellip;]\" \/>\n<meta property=\"og:url\" content=\"https:\/\/kedroseurope.es\/?page_id=83\" \/>\n<meta property=\"og:site_name\" content=\"Kedros Europe\" \/>\n<meta property=\"article:modified_time\" content=\"2023-07-06T18:27:12+00:00\" \/>\n<meta name=\"twitter:card\" content=\"summary_large_image\" \/>\n<meta name=\"twitter:label1\" content=\"Tiempo de lectura\" \/>\n\t<meta name=\"twitter:data1\" content=\"2 minutos\" \/>\n<script type=\"application\/ld+json\" class=\"yoast-schema-graph\">{\"@context\":\"https:\/\/schema.org\",\"@graph\":[{\"@type\":\"WebPage\",\"@id\":\"https:\/\/kedroseurope.es\/?page_id=83\",\"url\":\"https:\/\/kedroseurope.es\/?page_id=83\",\"name\":\"Pol\u00edtica de cookies - Kedros Europe\",\"isPartOf\":{\"@id\":\"https:\/\/kedroseurope.es\/#website\"},\"datePublished\":\"2023-07-06T18:26:00+00:00\",\"dateModified\":\"2023-07-06T18:27:12+00:00\",\"breadcrumb\":{\"@id\":\"https:\/\/kedroseurope.es\/?page_id=83#breadcrumb\"},\"inLanguage\":\"es\",\"potentialAction\":[{\"@type\":\"ReadAction\",\"target\":[\"https:\/\/kedroseurope.es\/?page_id=83\"]}]},{\"@type\":\"BreadcrumbList\",\"@id\":\"https:\/\/kedroseurope.es\/?page_id=83#breadcrumb\",\"itemListElement\":[{\"@type\":\"ListItem\",\"position\":1,\"name\":\"Portada\",\"item\":\"https:\/\/kedroseurope.es\/\"},{\"@type\":\"ListItem\",\"position\":2,\"name\":\"Pol\u00edtica de cookies\"}]},{\"@type\":\"WebSite\",\"@id\":\"https:\/\/kedroseurope.es\/#website\",\"url\":\"https:\/\/kedroseurope.es\/\",\"name\":\"Kedros Europe\",\"description\":\"Promoci\u00f3n Inmobiliaria\",\"publisher\":{\"@id\":\"https:\/\/kedroseurope.es\/#organization\"},\"potentialAction\":[{\"@type\":\"SearchAction\",\"target\":{\"@type\":\"EntryPoint\",\"urlTemplate\":\"https:\/\/kedroseurope.es\/?s={search_term_string}\"},\"query-input\":\"required name=search_term_string\"}],\"inLanguage\":\"es\"},{\"@type\":\"Organization\",\"@id\":\"https:\/\/kedroseurope.es\/#organization\",\"name\":\"Kedros Europe\",\"url\":\"https:\/\/kedroseurope.es\/\",\"logo\":{\"@type\":\"ImageObject\",\"inLanguage\":\"es\",\"@id\":\"https:\/\/kedroseurope.es\/#\/schema\/logo\/image\/\",\"url\":\"https:\/\/kedroseurope.es\/wp-content\/uploads\/2023\/06\/kedros.png\",\"contentUrl\":\"https:\/\/kedroseurope.es\/wp-content\/uploads\/2023\/06\/kedros.png\",\"width\":690,\"height\":176,\"caption\":\"Kedros Europe\"},\"image\":{\"@id\":\"https:\/\/kedroseurope.es\/#\/schema\/logo\/image\/\"}}]}<\/script>\n<!-- \/ Yoast SEO plugin. -->","yoast_head_json":{"title":"Pol\u00edtica de cookies - Kedros Europe","robots":{"index":"index","follow":"follow","max-snippet":"max-snippet:-1","max-image-preview":"max-image-preview:large","max-video-preview":"max-video-preview:-1"},"canonical":"https:\/\/kedroseurope.es\/?page_id=83","og_locale":"es_ES","og_type":"article","og_title":"Pol\u00edtica de cookies - Kedros Europe","og_description":"POL\u00cdTICA DE COOKIES En cumplimiento de lo dispuesto en el art\u00edculo 22.2 de la Ley 34\/2002, de Servicios de la Sociedad de la Informaci\u00f3n y de Comercio Electr\u00f3nico (LSSI-CE), xxxxxxxxxxxxxxxxx\u00a0informa que este sitio web utiliza cookies con el fin de facilitar y mejorar la navegaci\u00f3n, recordando preferencias y configuraciones del usuario, y obteniendo informaci\u00f3n sobre [&hellip;]","og_url":"https:\/\/kedroseurope.es\/?page_id=83","og_site_name":"Kedros Europe","article_modified_time":"2023-07-06T18:27:12+00:00","twitter_card":"summary_large_image","twitter_misc":{"Tiempo de lectura":"2 minutos"},"schema":{"@context":"https:\/\/schema.org","@graph":[{"@type":"WebPage","@id":"https:\/\/kedroseurope.es\/?page_id=83","url":"https:\/\/kedroseurope.es\/?page_id=83","name":"Pol\u00edtica de cookies - Kedros Europe","isPartOf":{"@id":"https:\/\/kedroseurope.es\/#website"},"datePublished":"2023-07-06T18:26:00+00:00","dateModified":"2023-07-06T18:27:12+00:00","breadcrumb":{"@id":"https:\/\/kedroseurope.es\/?page_id=83#breadcrumb"},"inLanguage":"es","potentialAction":[{"@type":"ReadAction","target":["https:\/\/kedroseurope.es\/?page_id=83"]}]},{"@type":"BreadcrumbList","@id":"https:\/\/kedroseurope.es\/?page_id=83#breadcrumb","itemListElement":[{"@type":"ListItem","position":1,"name":"Portada","item":"https:\/\/kedroseurope.es\/"},{"@type":"ListItem","position":2,"name":"Pol\u00edtica de cookies"}]},{"@type":"WebSite","@id":"https:\/\/kedroseurope.es\/#website","url":"https:\/\/kedroseurope.es\/","name":"Kedros Europe","description":"Promoci\u00f3n Inmobiliaria","publisher":{"@id":"https:\/\/kedroseurope.es\/#organization"},"potentialAction":[{"@type":"SearchAction","target":{"@type":"EntryPoint","urlTemplate":"https:\/\/kedroseurope.es\/?s={search_term_string}"},"query-input":"required name=search_term_string"}],"inLanguage":"es"},{"@type":"Organization","@id":"https:\/\/kedroseurope.es\/#organization","name":"Kedros Europe","url":"https:\/\/kedroseurope.es\/","logo":{"@type":"ImageObject","inLanguage":"es","@id":"https:\/\/kedroseurope.es\/#\/schema\/logo\/image\/","url":"https:\/\/kedroseurope.es\/wp-content\/uploads\/2023\/06\/kedros.png","contentUrl":"https:\/\/kedroseurope.es\/wp-content\/uploads\/2023\/06\/kedros.png","width":690,"height":176,"caption":"Kedros Europe"},"image":{"@id":"https:\/\/kedroseurope.es\/#\/schema\/logo\/image\/"}}]}},"_links":{"self":[{"href":"https:\/\/kedroseurope.es\/index.php?rest_route=\/wp\/v2\/pages\/83","targetHints":{"allow":["GET"]}}],"collection":[{"href":"https:\/\/kedroseurope.es\/index.php?rest_route=\/wp\/v2\/pages"}],"about":[{"href":"https:\/\/kedroseurope.es\/index.php?rest_route=\/wp\/v2\/types\/page"}],"author":[{"embeddable":true,"href":"https:\/\/kedroseurope.es\/index.php?rest_route=\/wp\/v2\/users\/1"}],"replies":[{"embeddable":true,"href":"https:\/\/kedroseurope.es\/index.php?rest_route=%2Fwp%2Fv2%2Fcomments&post=83"}],"version-history":[{"count":4,"href":"https:\/\/kedroseurope.es\/index.php?rest_route=\/wp\/v2\/pages\/83\/revisions"}],"predecessor-version":[{"id":88,"href":"https:\/\/kedroseurope.es\/index.php?rest_route=\/wp\/v2\/pages\/83\/revisions\/88"}],"wp:attachment":[{"href":"https:\/\/kedroseurope.es\/index.php?rest_route=%2Fwp%2Fv2%2Fmedia&parent=83"}],"curies":[{"name":"wp","href":"https:\/\/api.w.org\/{rel}","templated":true}]}}