{"id":89,"date":"2023-07-06T18:28:11","date_gmt":"2023-07-06T18:28:11","guid":{"rendered":"https:\/\/kedroseurope.es\/?page_id=89"},"modified":"2023-07-06T18:30:34","modified_gmt":"2023-07-06T18:30:34","slug":"politica-de-privacidad","status":"publish","type":"page","link":"https:\/\/kedroseurope.es\/?page_id=89","title":{"rendered":"Pol\u00edtica de privacidad"},"content":{"rendered":"\t\t<div data-elementor-type=\"wp-page\" data-elementor-id=\"89\" class=\"elementor elementor-89\" data-elementor-post-type=\"page\">\n\t\t\t\t\t\t<section class=\"elementor-section elementor-top-section elementor-element elementor-element-a2c28c5 elementor-section-boxed elementor-section-height-default elementor-section-height-default\" data-id=\"a2c28c5\" data-element_type=\"section\">\n\t\t\t\t\t\t<div class=\"elementor-container elementor-column-gap-default\">\n\t\t\t\t\t<div class=\"elementor-column elementor-col-100 elementor-top-column elementor-element elementor-element-8ea52f7\" data-id=\"8ea52f7\" data-element_type=\"column\">\n\t\t\t<div class=\"elementor-widget-wrap elementor-element-populated\">\n\t\t\t\t\t\t<div class=\"elementor-element elementor-element-8e12994 elementor-widget elementor-widget-text-editor\" data-id=\"8e12994\" data-element_type=\"widget\" data-widget_type=\"text-editor.default\">\n\t\t\t\t<div class=\"elementor-widget-container\">\n\t\t\t<style>\/*! elementor - v3.21.0 - 26-05-2024 *\/\n.elementor-widget-text-editor.elementor-drop-cap-view-stacked .elementor-drop-cap{background-color:#69727d;color:#fff}.elementor-widget-text-editor.elementor-drop-cap-view-framed .elementor-drop-cap{color:#69727d;border:3px solid;background-color:transparent}.elementor-widget-text-editor:not(.elementor-drop-cap-view-default) .elementor-drop-cap{margin-top:8px}.elementor-widget-text-editor:not(.elementor-drop-cap-view-default) .elementor-drop-cap-letter{width:1em;height:1em}.elementor-widget-text-editor .elementor-drop-cap{float:left;text-align:center;line-height:1;font-size:50px}.elementor-widget-text-editor .elementor-drop-cap-letter{display:inline-block}<\/style>\t\t\t\t<p>En <strong>xxxxxxxx.<\/strong> (en adelante \u00abxxxxxxxxxxx\u00bb), estamos comprometidos con la protecci\u00f3n de la privacidad y de los datos personales de nuestros clientes y usuarios. Esta pol\u00edtica de privacidad explica c\u00f3mo xxxxxx recopila, utiliza, comparte y protege la informaci\u00f3n personal de sus clientes y usuarios en su sitio web <a href=\"https:\/\/kedroseurope.es\">https:\/\/kedroseurope.es<\/a> (en adelante \u00abSitio Web\u00bb).<\/p><p>Responsable del tratamiento de datos personales <strong>xxxxxxxx.<\/strong> Direcci\u00f3n: xxxxxx Correo electr\u00f3nico: xxxxxxxx<\/p><p><strong>\u00bfQu\u00e9 informaci\u00f3n personal recopilamos?<\/strong><\/p><p><strong>xxxxxxxx<\/strong> recopila informaci\u00f3n personal de sus clientes y usuarios a trav\u00e9s del Sitio Web cuando estos la proporcionan voluntariamente al utilizar nuestros servicios, solicitar informaci\u00f3n o contactar con nosotros a trav\u00e9s de los formularios de contacto disponibles en el Sitio Web. La informaci\u00f3n personal que podemos recopilar incluye, entre otros datos, el nombre, la direcci\u00f3n de correo electr\u00f3nico, la direcci\u00f3n postal, el n\u00famero de tel\u00e9fono y la direcci\u00f3n IP.<\/p><p><strong>\u00bfC\u00f3mo utilizamos la informaci\u00f3n personal?<\/strong><\/p><p>La informaci\u00f3n personal recopilada por <strong>xxxxxxxxxx<\/strong> ser\u00e1 utilizada para gestionar la relaci\u00f3n con nuestros clientes y usuarios, proporcionar nuestros servicios, responder a consultas y solicitudes, mejorar nuestros servicios y para cumplir con nuestras obligaciones legales.<\/p><p><strong>\u00bfCompartimos la informaci\u00f3n personal?<\/strong><\/p><p><strong>xxxxxxxxx<\/strong> no compartir\u00e1 la informaci\u00f3n personal recopilada con terceros, excepto en los casos en que sea necesario para proporcionar nuestros servicios o para cumplir con nuestras obligaciones legales.<\/p><p><strong>\u00bfC\u00f3mo protegemos la informaci\u00f3n personal?<\/strong><\/p><p><strong>xxxxxxxx<\/strong> ha implementado medidas de seguridad t\u00e9cnicas y organizativas adecuadas para proteger la informaci\u00f3n personal de nuestros clientes y usuarios contra el acceso no autorizado, la p\u00e9rdida o la alteraci\u00f3n.<\/p><p><strong>\u00bfCu\u00e1les son sus derechos como titular de los datos personales?<\/strong><\/p><p>Los clientes y usuarios de <strong>xxxxxxxxx<\/strong> tienen derecho a acceder, rectificar, suprimir, limitar el tratamiento, portar y oponerse al tratamiento de sus datos personales. Para ejercer estos derechos, el titular de los datos puede ponerse en contacto con <strong>xxxxxxxx<\/strong> a trav\u00e9s del correo electr\u00f3nico xxxxxxxxxxxx<\/p><p><strong>\u00bfDurante cu\u00e1nto tiempo conservamos la informaci\u00f3n personal?<\/strong><\/p><p>La informaci\u00f3n personal recopilada por <strong>xxxxxxxxxxx<\/strong> ser\u00e1 conservada durante el tiempo necesario para cumplir con las finalidades para las que fue recopilada, a menos que el titular de los datos solicite su supresi\u00f3n. Cambios en la pol\u00edtica de privacidad.<\/p><p><strong>xxxxxxxxx<\/strong> se reserva el derecho de modificar esta pol\u00edtica de privacidad en cualquier momento. Los cambios ser\u00e1n publicados en el Sitio Web.<\/p><p><strong>Contacto.<\/strong><\/p><p>Si tiene preguntas o comentarios sobre esta pol\u00edtica de privacidad, puede ponerse en contacto con <strong>xxxxxxxxxxxxx<\/strong> a trav\u00e9s del correo electr\u00f3nico xxxxxxxxxxxx<\/p>\t\t\t\t\t\t<\/div>\n\t\t\t\t<\/div>\n\t\t\t\t\t<\/div>\n\t\t<\/div>\n\t\t\t\t\t<\/div>\n\t\t<\/section>\n\t\t\t\t<\/div>\n\t\t","protected":false},"excerpt":{"rendered":"<p>En xxxxxxxx. (en adelante \u00abxxxxxxxxxxx\u00bb), estamos comprometidos con la protecci\u00f3n de la privacidad y de los datos personales de nuestros clientes y usuarios. Esta pol\u00edtica de privacidad explica c\u00f3mo xxxxxx recopila, utiliza, comparte y protege la informaci\u00f3n personal de sus clientes y usuarios en su sitio web https:\/\/kedroseurope.es (en adelante \u00abSitio Web\u00bb). Responsable del tratamiento [&hellip;]<\/p>\n","protected":false},"author":1,"featured_media":0,"parent":0,"menu_order":0,"comment_status":"closed","ping_status":"closed","template":"elementor_header_footer","meta":{"footnotes":""},"class_list":["post-89","page","type-page","status-publish","hentry"],"yoast_head":"<!-- This site is optimized with the Yoast SEO plugin v21.5 - https:\/\/yoast.com\/wordpress\/plugins\/seo\/ -->\n<title>Pol\u00edtica de privacidad - Kedros Europe<\/title>\n<meta name=\"robots\" content=\"index, follow, max-snippet:-1, max-image-preview:large, max-video-preview:-1\" \/>\n<link rel=\"canonical\" href=\"https:\/\/kedroseurope.es\/?page_id=89\" \/>\n<meta property=\"og:locale\" content=\"es_ES\" \/>\n<meta property=\"og:type\" content=\"article\" \/>\n<meta property=\"og:title\" content=\"Pol\u00edtica de privacidad - Kedros Europe\" \/>\n<meta property=\"og:description\" content=\"En xxxxxxxx. (en adelante \u00abxxxxxxxxxxx\u00bb), estamos comprometidos con la protecci\u00f3n de la privacidad y de los datos personales de nuestros clientes y usuarios. Esta pol\u00edtica de privacidad explica c\u00f3mo xxxxxx recopila, utiliza, comparte y protege la informaci\u00f3n personal de sus clientes y usuarios en su sitio web https:\/\/kedroseurope.es (en adelante \u00abSitio Web\u00bb). Responsable del tratamiento [&hellip;]\" \/>\n<meta property=\"og:url\" content=\"https:\/\/kedroseurope.es\/?page_id=89\" \/>\n<meta property=\"og:site_name\" content=\"Kedros Europe\" \/>\n<meta property=\"article:modified_time\" content=\"2023-07-06T18:30:34+00:00\" \/>\n<meta name=\"twitter:card\" content=\"summary_large_image\" \/>\n<meta name=\"twitter:label1\" content=\"Tiempo de lectura\" \/>\n\t<meta name=\"twitter:data1\" content=\"2 minutos\" \/>\n<script type=\"application\/ld+json\" class=\"yoast-schema-graph\">{\"@context\":\"https:\/\/schema.org\",\"@graph\":[{\"@type\":\"WebPage\",\"@id\":\"https:\/\/kedroseurope.es\/?page_id=89\",\"url\":\"https:\/\/kedroseurope.es\/?page_id=89\",\"name\":\"Pol\u00edtica de privacidad - Kedros Europe\",\"isPartOf\":{\"@id\":\"https:\/\/kedroseurope.es\/#website\"},\"datePublished\":\"2023-07-06T18:28:11+00:00\",\"dateModified\":\"2023-07-06T18:30:34+00:00\",\"breadcrumb\":{\"@id\":\"https:\/\/kedroseurope.es\/?page_id=89#breadcrumb\"},\"inLanguage\":\"es\",\"potentialAction\":[{\"@type\":\"ReadAction\",\"target\":[\"https:\/\/kedroseurope.es\/?page_id=89\"]}]},{\"@type\":\"BreadcrumbList\",\"@id\":\"https:\/\/kedroseurope.es\/?page_id=89#breadcrumb\",\"itemListElement\":[{\"@type\":\"ListItem\",\"position\":1,\"name\":\"Portada\",\"item\":\"https:\/\/kedroseurope.es\/\"},{\"@type\":\"ListItem\",\"position\":2,\"name\":\"Pol\u00edtica de privacidad\"}]},{\"@type\":\"WebSite\",\"@id\":\"https:\/\/kedroseurope.es\/#website\",\"url\":\"https:\/\/kedroseurope.es\/\",\"name\":\"Kedros Europe\",\"description\":\"Promoci\u00f3n Inmobiliaria\",\"publisher\":{\"@id\":\"https:\/\/kedroseurope.es\/#organization\"},\"potentialAction\":[{\"@type\":\"SearchAction\",\"target\":{\"@type\":\"EntryPoint\",\"urlTemplate\":\"https:\/\/kedroseurope.es\/?s={search_term_string}\"},\"query-input\":\"required name=search_term_string\"}],\"inLanguage\":\"es\"},{\"@type\":\"Organization\",\"@id\":\"https:\/\/kedroseurope.es\/#organization\",\"name\":\"Kedros Europe\",\"url\":\"https:\/\/kedroseurope.es\/\",\"logo\":{\"@type\":\"ImageObject\",\"inLanguage\":\"es\",\"@id\":\"https:\/\/kedroseurope.es\/#\/schema\/logo\/image\/\",\"url\":\"https:\/\/kedroseurope.es\/wp-content\/uploads\/2023\/06\/kedros.png\",\"contentUrl\":\"https:\/\/kedroseurope.es\/wp-content\/uploads\/2023\/06\/kedros.png\",\"width\":690,\"height\":176,\"caption\":\"Kedros Europe\"},\"image\":{\"@id\":\"https:\/\/kedroseurope.es\/#\/schema\/logo\/image\/\"}}]}<\/script>\n<!-- \/ Yoast SEO plugin. -->","yoast_head_json":{"title":"Pol\u00edtica de privacidad - Kedros Europe","robots":{"index":"index","follow":"follow","max-snippet":"max-snippet:-1","max-image-preview":"max-image-preview:large","max-video-preview":"max-video-preview:-1"},"canonical":"https:\/\/kedroseurope.es\/?page_id=89","og_locale":"es_ES","og_type":"article","og_title":"Pol\u00edtica de privacidad - Kedros Europe","og_description":"En xxxxxxxx. (en adelante \u00abxxxxxxxxxxx\u00bb), estamos comprometidos con la protecci\u00f3n de la privacidad y de los datos personales de nuestros clientes y usuarios. Esta pol\u00edtica de privacidad explica c\u00f3mo xxxxxx recopila, utiliza, comparte y protege la informaci\u00f3n personal de sus clientes y usuarios en su sitio web https:\/\/kedroseurope.es (en adelante \u00abSitio Web\u00bb). Responsable del tratamiento [&hellip;]","og_url":"https:\/\/kedroseurope.es\/?page_id=89","og_site_name":"Kedros Europe","article_modified_time":"2023-07-06T18:30:34+00:00","twitter_card":"summary_large_image","twitter_misc":{"Tiempo de lectura":"2 minutos"},"schema":{"@context":"https:\/\/schema.org","@graph":[{"@type":"WebPage","@id":"https:\/\/kedroseurope.es\/?page_id=89","url":"https:\/\/kedroseurope.es\/?page_id=89","name":"Pol\u00edtica de privacidad - Kedros Europe","isPartOf":{"@id":"https:\/\/kedroseurope.es\/#website"},"datePublished":"2023-07-06T18:28:11+00:00","dateModified":"2023-07-06T18:30:34+00:00","breadcrumb":{"@id":"https:\/\/kedroseurope.es\/?page_id=89#breadcrumb"},"inLanguage":"es","potentialAction":[{"@type":"ReadAction","target":["https:\/\/kedroseurope.es\/?page_id=89"]}]},{"@type":"BreadcrumbList","@id":"https:\/\/kedroseurope.es\/?page_id=89#breadcrumb","itemListElement":[{"@type":"ListItem","position":1,"name":"Portada","item":"https:\/\/kedroseurope.es\/"},{"@type":"ListItem","position":2,"name":"Pol\u00edtica de privacidad"}]},{"@type":"WebSite","@id":"https:\/\/kedroseurope.es\/#website","url":"https:\/\/kedroseurope.es\/","name":"Kedros Europe","description":"Promoci\u00f3n Inmobiliaria","publisher":{"@id":"https:\/\/kedroseurope.es\/#organization"},"potentialAction":[{"@type":"SearchAction","target":{"@type":"EntryPoint","urlTemplate":"https:\/\/kedroseurope.es\/?s={search_term_string}"},"query-input":"required name=search_term_string"}],"inLanguage":"es"},{"@type":"Organization","@id":"https:\/\/kedroseurope.es\/#organization","name":"Kedros Europe","url":"https:\/\/kedroseurope.es\/","logo":{"@type":"ImageObject","inLanguage":"es","@id":"https:\/\/kedroseurope.es\/#\/schema\/logo\/image\/","url":"https:\/\/kedroseurope.es\/wp-content\/uploads\/2023\/06\/kedros.png","contentUrl":"https:\/\/kedroseurope.es\/wp-content\/uploads\/2023\/06\/kedros.png","width":690,"height":176,"caption":"Kedros Europe"},"image":{"@id":"https:\/\/kedroseurope.es\/#\/schema\/logo\/image\/"}}]}},"_links":{"self":[{"href":"https:\/\/kedroseurope.es\/index.php?rest_route=\/wp\/v2\/pages\/89","targetHints":{"allow":["GET"]}}],"collection":[{"href":"https:\/\/kedroseurope.es\/index.php?rest_route=\/wp\/v2\/pages"}],"about":[{"href":"https:\/\/kedroseurope.es\/index.php?rest_route=\/wp\/v2\/types\/page"}],"author":[{"embeddable":true,"href":"https:\/\/kedroseurope.es\/index.php?rest_route=\/wp\/v2\/users\/1"}],"replies":[{"embeddable":true,"href":"https:\/\/kedroseurope.es\/index.php?rest_route=%2Fwp%2Fv2%2Fcomments&post=89"}],"version-history":[{"count":4,"href":"https:\/\/kedroseurope.es\/index.php?rest_route=\/wp\/v2\/pages\/89\/revisions"}],"predecessor-version":[{"id":94,"href":"https:\/\/kedroseurope.es\/index.php?rest_route=\/wp\/v2\/pages\/89\/revisions\/94"}],"wp:attachment":[{"href":"https:\/\/kedroseurope.es\/index.php?rest_route=%2Fwp%2Fv2%2Fmedia&parent=89"}],"curies":[{"name":"wp","href":"https:\/\/api.w.org\/{rel}","templated":true}]}}